{"id":12,"date":"2016-02-16T18:09:25","date_gmt":"2016-02-16T18:09:25","guid":{"rendered":"http:\/\/www.perinnetilatervamaki.fi\/?page_id=12"},"modified":"2021-07-24T12:50:18","modified_gmt":"2021-07-24T09:50:18","slug":"tilaisuudet-ja-tilat","status":"publish","type":"page","link":"https:\/\/www.perinnetilatervamaki.fi\/?page_id=12","title":{"rendered":"Tilaisuudet ja tilat"},"content":{"rendered":"<div class='content-column two_third'><div style=\"padding-top:0px;padding-right:10px;\">Perinnetila Tervam\u00e4en p\u00e4\u00e4rakennuksen v\u00e4litt\u00f6m\u00e4ss\u00e4 l\u00e4heisyydess\u00e4 sijaitsee suuri kota, jossa tunnelmallista tilaa riitt\u00e4\u00e4 noin 30 henkil\u00f6lle. Tilaisuuksiin valmistetaan konstailematonta, mutta maukasta kotiruokaa, jossa k\u00e4ytet\u00e4\u00e4n mahdollisimman paljon tilan omia luomuraaka-aineita.<\/p><\/div><\/div>\n<div class='content-column one_third last_column'><div style=\"padding-top:0px;padding-right:10px;\">\n\t\t<style type=\"text\/css\">\n\t\t\t#gallery-1 {\n\t\t\t\tmargin: auto;\n\t\t\t}\n\t\t\t#gallery-1 .gallery-item {\n\t\t\t\tfloat: left;\n\t\t\t\tmargin-top: 10px;\n\t\t\t\ttext-align: center;\n\t\t\t\twidth: 50%;\n\t\t\t}\n\t\t\t#gallery-1 img {\n\t\t\t\tborder: 2px solid #cfcfcf;\n\t\t\t}\n\t\t\t#gallery-1 .gallery-caption {\n\t\t\t\tmargin-left: 0;\n\t\t\t}\n\t\t\t\/* see gallery_shortcode() in wp-includes\/media.php *\/\n\t\t<\/style>\n\t\t<div id='gallery-1' class='gallery galleryid-12 gallery-columns-2 gallery-size-medium'><dl class='gallery-item'>\n\t\t\t<dt class='gallery-icon portrait'>\n\t\t\t\t<a href='https:\/\/www.perinnetilatervamaki.fi\/?attachment_id=162'><img width=\"188\" height=\"300\" src=\"https:\/\/www.perinnetilatervamaki.fi\/wp-content\/uploads\/2016\/02\/tilaisuudet1-188x300.jpg\" class=\"attachment-medium size-medium\" alt=\"\" loading=\"lazy\" srcset=\"https:\/\/www.perinnetilatervamaki.fi\/wp-content\/uploads\/2016\/02\/tilaisuudet1-188x300.jpg 188w, https:\/\/www.perinnetilatervamaki.fi\/wp-content\/uploads\/2016\/02\/tilaisuudet1.jpg 600w\" sizes=\"(max-width: 188px) 100vw, 188px\" \/><\/a>\n\t\t\t<\/dt><\/dl><dl class='gallery-item'>\n\t\t\t<dt class='gallery-icon landscape'>\n\t\t\t\t<a href='https:\/\/www.perinnetilatervamaki.fi\/?attachment_id=163'><img width=\"300\" height=\"169\" src=\"https:\/\/www.perinnetilatervamaki.fi\/wp-content\/uploads\/2016\/02\/tilasuudet2-300x169.jpg\" class=\"attachment-medium size-medium\" alt=\"\" loading=\"lazy\" srcset=\"https:\/\/www.perinnetilatervamaki.fi\/wp-content\/uploads\/2016\/02\/tilasuudet2-300x169.jpg 300w, https:\/\/www.perinnetilatervamaki.fi\/wp-content\/uploads\/2016\/02\/tilasuudet2-768x432.jpg 768w, https:\/\/www.perinnetilatervamaki.fi\/wp-content\/uploads\/2016\/02\/tilasuudet2-100x55.jpg 100w, https:\/\/www.perinnetilatervamaki.fi\/wp-content\/uploads\/2016\/02\/tilasuudet2-730x410.jpg 730w, https:\/\/www.perinnetilatervamaki.fi\/wp-content\/uploads\/2016\/02\/tilasuudet2.jpg 1000w\" sizes=\"(max-width: 300px) 100vw, 300px\" \/><\/a>\n\t\t\t<\/dt><\/dl><br style=\"clear: both\" \/>\n\t\t<\/div>\n<\/div><\/div><div class='clear_column'><\/div>\n","protected":false},"excerpt":{"rendered":"","protected":false},"author":3,"featured_media":0,"parent":0,"menu_order":0,"comment_status":"closed","ping_status":"closed","template":"page-fullwidth.php","meta":[],"_links":{"self":[{"href":"https:\/\/www.perinnetilatervamaki.fi\/index.php?rest_route=\/wp\/v2\/pages\/12"}],"collection":[{"href":"https:\/\/www.perinnetilatervamaki.fi\/index.php?rest_route=\/wp\/v2\/pages"}],"about":[{"href":"https:\/\/www.perinnetilatervamaki.fi\/index.php?rest_route=\/wp\/v2\/types\/page"}],"author":[{"embeddable":true,"href":"https:\/\/www.perinnetilatervamaki.fi\/index.php?rest_route=\/wp\/v2\/users\/3"}],"replies":[{"embeddable":true,"href":"https:\/\/www.perinnetilatervamaki.fi\/index.php?rest_route=%2Fwp%2Fv2%2Fcomments&post=12"}],"version-history":[{"count":5,"href":"https:\/\/www.perinnetilatervamaki.fi\/index.php?rest_route=\/wp\/v2\/pages\/12\/revisions"}],"predecessor-version":[{"id":257,"href":"https:\/\/www.perinnetilatervamaki.fi\/index.php?rest_route=\/wp\/v2\/pages\/12\/revisions\/257"}],"wp:attachment":[{"href":"https:\/\/www.perinnetilatervamaki.fi\/index.php?rest_route=%2Fwp%2Fv2%2Fmedia&parent=12"}],"curies":[{"name":"wp","href":"https:\/\/api.w.org\/{rel}","templated":true}]}}