{"id":206,"date":"2016-03-28T11:15:38","date_gmt":"2016-03-28T08:15:38","guid":{"rendered":"http:\/\/www.perinnetilatervamaki.fi\/?page_id=206"},"modified":"2021-07-24T13:09:57","modified_gmt":"2021-07-24T10:09:57","slug":"hinnasto-2","status":"publish","type":"page","link":"https:\/\/www.perinnetilatervamaki.fi\/?page_id=206","title":{"rendered":"Hinnasto"},"content":{"rendered":"<div class='content-column one_half'><div style=\"padding-top:0px;padding-left:0px;\"><h4>Majoitus:<\/h4>\n<p><strong>Perinnepiha Raunisto 90-150 \u20ac \/ vrk (loppusiivous 60 \u20ac, lakanat 5 \u20ac)<\/strong><br \/>\n<strong> Er\u00e4k\u00e4mpp\u00e4 Tervalehto 60 \u20ac \/ vrk<br \/>\nSaunatupa Lintukoto 70\u20ac \/ vrk, saunominen Raunistossa majoittuville 50 \u20ac valmiiksi l\u00e4mmitettyn\u00e4 \/ 30 \u20ac itsel\u00e4mmitettyn\u00e4<\/strong><\/p>\n<ul>\n<li>Aamiainen (mm. puuroa, marjoja, leip\u00e4\u00e4, leikkeleit\u00e4, kasviksia, kahvia, teet\u00e4 ja mehua) 7 \u20ac \/ hl\u00f6<\/li>\n<\/ul>\n<p>Kotaruokailut tilauksesta enint\u00e4\u00e4n 30 henkil\u00f6n ryhmille, esimerkiksi:<\/p>\n<ul>\n<li>Keittolounas (esim. liha-, kala- tai kasviskeittoa, leip\u00e4\u00e4, ruokajuomat) 10-12 \u20ac \/ hl\u00f6<\/li>\n<li>Nokipannukahvit suolaisella tai makealla kahvileiv\u00e4ll\u00e4 kodassa 5 \u20ac \/hl\u00f6<\/li>\n<\/ul>\n<h6>Aktiviteetit:<\/h6>\n<ul>\n<li>Tilaan ja el\u00e4imiin tutustuminen 5 \u20ac\/hl\u00f6 (majoituksen ja ruokailujen yhteydess\u00e4 ilmainen)<\/li>\n<li>Hevosajelu, lyhyt (n. 1-2 km) 5 \u20ac\/hl\u00f6, pitk\u00e4 (n. 4-5 km) 8 \u20ac\/hl\u00f6<\/li>\n<li>Mets\u00e4suksien ja lumikenkien vuokra 10 \u20ac\/vrk<\/li>\n<li>Muut opastukset, retket ja aktiviteetit suunnitellaan ja hinnoitellaan tapauskohtaisesti.<\/li>\n<\/ul>\n<p><em>Kysy rohkeasti lis\u00e4\u00e4!<\/em><\/p><\/div><\/div>\n<div class=\"content-column one_third last_column\">\n<div>\n<h6><strong><div class='content-column one_half last_column'><div style=\"padding-top:0px;padding-left:0px;\"><\/strong><\/h6>\n<p><b><div class=\"sfsi_widget sfsi_shortcode_container\"><div id=\"sfsi_wDiv\"><\/div><div class=\"norm_row sfsi_wDiv \"  style=\"width:225px;text-align:left;\"><div style='width:40px; height:40px;margin-left:5px;margin-bottom:5px; ' class='sfsi_wicons shuffeldiv ' ><div class='inerCnt'><a class=' sficn' data-effect='' target='_blank'  href='https:\/\/www.facebook.com\/Perinnetila-Tervam\u00e4ki-172741162799747' id='sfsiid_facebook' style='opacity:1'  ><img data-pin-nopin='true' alt='Facebook' title='Facebook' src='https:\/\/www.perinnetilatervamaki.fi\/wp-content\/plugins\/ultimate-social-media-icons\/images\/icons_theme\/default\/default_facebook.png' width='40' height='40' style='' class='sfcm sfsi_wicon ' data-effect=''   \/><\/a><\/div><\/div><\/div ><div id=\"sfsi_holder\" class=\"sfsi_holders\" style=\"position: relative; float: left;width:100%;z-index:-1;\"><\/div ><script>window.addEventListener(\"sfsi_functions_loaded\", function() \r\n\t\t\t{\r\n\t\t\t\tif (typeof sfsi_widget_set == \"function\") {\r\n\t\t\t\t\tsfsi_widget_set();\r\n\t\t\t\t}\r\n\t\t\t}); <\/script><div style=\"clear: both;\"><\/div><\/div><\/b><\/p>\n<p><a href=\"https:\/\/www.booking.com\/hotel\/fi\/farmhousetervamaki.en-gb.html?label=gen173nr-1DCAEoggI46AdIM1gEaEiIAQGYAQy4ARfIAQ_YAQPoAQGIAgGoAgO4ArCioeoFwAIB&amp;sid=a3bf7bb3cf7adae332102683f3130df1&amp;dest_id=-1388810&amp;dest_type=city&amp;group_adults=2&amp;hapos=1&amp;hpos=1&amp;lang=en-gb&amp;room1=A%2CA&amp;sb_price_type=total&amp;soz=1&amp;sr_order=popularity&amp;srepoch=1565020482&amp;srpvid=2c456fe198e3008a&amp;type=total&amp;ucfs=1&amp;lang_click=top;cdl=fi;lang_changed=1\"><img loading=\"lazy\" class=\"alignnone wp-image-222 size-full\" src=\"http:\/\/www.perinnetilatervamaki.fi\/wp-content\/uploads\/2019\/08\/booking-e1565022494197.png\" alt=\"\" width=\"200\" height=\"34\" \/><\/a><\/p>\n<h6><strong><\/div><\/div><div class='clear_column'><\/div><\/strong><\/h6>\n<\/div>\n<\/div>\n","protected":false},"excerpt":{"rendered":"","protected":false},"author":3,"featured_media":0,"parent":0,"menu_order":0,"comment_status":"closed","ping_status":"closed","template":"page-fullwidth.php","meta":[],"_links":{"self":[{"href":"https:\/\/www.perinnetilatervamaki.fi\/index.php?rest_route=\/wp\/v2\/pages\/206"}],"collection":[{"href":"https:\/\/www.perinnetilatervamaki.fi\/index.php?rest_route=\/wp\/v2\/pages"}],"about":[{"href":"https:\/\/www.perinnetilatervamaki.fi\/index.php?rest_route=\/wp\/v2\/types\/page"}],"author":[{"embeddable":true,"href":"https:\/\/www.perinnetilatervamaki.fi\/index.php?rest_route=\/wp\/v2\/users\/3"}],"replies":[{"embeddable":true,"href":"https:\/\/www.perinnetilatervamaki.fi\/index.php?rest_route=%2Fwp%2Fv2%2Fcomments&post=206"}],"version-history":[{"count":13,"href":"https:\/\/www.perinnetilatervamaki.fi\/index.php?rest_route=\/wp\/v2\/pages\/206\/revisions"}],"predecessor-version":[{"id":272,"href":"https:\/\/www.perinnetilatervamaki.fi\/index.php?rest_route=\/wp\/v2\/pages\/206\/revisions\/272"}],"wp:attachment":[{"href":"https:\/\/www.perinnetilatervamaki.fi\/index.php?rest_route=%2Fwp%2Fv2%2Fmedia&parent=206"}],"curies":[{"name":"wp","href":"https:\/\/api.w.org\/{rel}","templated":true}]}}