{"id":37,"date":"2016-02-25T18:22:35","date_gmt":"2016-02-25T18:22:35","guid":{"rendered":"http:\/\/www.perinnetilatervamaki.fi\/?page_id=37"},"modified":"2021-07-24T13:04:52","modified_gmt":"2021-07-24T10:04:52","slug":"aktiviteetit","status":"publish","type":"page","link":"https:\/\/www.perinnetilatervamaki.fi\/?page_id=37","title":{"rendered":"Aktiviteetit"},"content":{"rendered":"<div class='content-column two_third'><div style=\"padding-top:0px;padding-right:10px;\"><p>Tervam\u00e4ell\u00e4 on monenlaista tekemist\u00e4 sek\u00e4 kes\u00e4ll\u00e4 ett\u00e4 talvella.<\/p>\n<ul>\n<li>el\u00e4imiin tutustuminen ja niiden hoitaminen<\/li>\n<li>hevosajelut reell\u00e4 tai k\u00e4rryill\u00e4<\/li>\n<li>opastetut tai omatoimiset luontoretket<\/li>\n<li>vuokrattavana mets\u00e4suksia ja lumikenki\u00e4<\/li>\n<li>vauhdikaspulkkam\u00e4ki, jossa riitt\u00e4\u00e4 haastetta aikuiseenkin makuun<\/li>\n<li>mets\u00e4stys ja kalastus<\/li>\n<li>marjastus ja sienestys<\/li>\n<li>perinteiseen tyyliin hiihtolatuja<\/li>\n<\/ul><\/div><\/div>\n<div class='content-column one_third last_column'><div style=\"padding-top:0px;padding-right:10px;\"><p><b><div class=\"sfsi_widget sfsi_shortcode_container\"><div id=\"sfsi_wDiv\"><\/div><div class=\"norm_row sfsi_wDiv \"  style=\"width:225px;text-align:left;\"><div style='width:40px; height:40px;margin-left:5px;margin-bottom:5px; ' class='sfsi_wicons shuffeldiv ' ><div class='inerCnt'><a class=' sficn' data-effect='' target='_blank'  href='https:\/\/www.facebook.com\/Perinnetila-Tervam\u00e4ki-172741162799747' id='sfsiid_facebook' style='opacity:1'  ><img data-pin-nopin='true' alt='Facebook' title='Facebook' src='https:\/\/www.perinnetilatervamaki.fi\/wp-content\/plugins\/ultimate-social-media-icons\/images\/icons_theme\/default\/default_facebook.png' width='40' height='40' style='' class='sfcm sfsi_wicon ' data-effect=''   \/><\/a><\/div><\/div><\/div ><div id=\"sfsi_holder\" class=\"sfsi_holders\" style=\"position: relative; float: left;width:100%;z-index:-1;\"><\/div ><script>window.addEventListener(\"sfsi_functions_loaded\", function() \r\n\t\t\t{\r\n\t\t\t\tif (typeof sfsi_widget_set == \"function\") {\r\n\t\t\t\t\tsfsi_widget_set();\r\n\t\t\t\t}\r\n\t\t\t}); <\/script><div style=\"clear: both;\"><\/div><\/div> <a href=\"https:\/\/www.booking.com\/hotel\/fi\/farmhousetervamaki.en-gb.html?label=gen173nr-1DCAEoggI46AdIM1gEaEiIAQGYAQy4ARfIAQ_YAQPoAQGIAgGoAgO4ArCioeoFwAIB&amp;sid=a3bf7bb3cf7adae332102683f3130df1&amp;dest_id=-1388810&amp;dest_type=city&amp;dist=0&amp;group_adults=2&amp;hapos=1&amp;hpos=1&amp;lang=en-gb&amp;room1=A%2CA&amp;sb_price_type=total&amp;soz=1&amp;sr_order=popularity&amp;srepoch=1565020482&amp;srpvid=2c456fe198e3008a&amp;type=total&amp;ucfs=1&amp;lang_click=top;cdl=fi;lang_changed=1\"><img loading=\"lazy\" class=\"alignnone wp-image-222 size-full\" src=\"http:\/\/www.perinnetilatervamaki.fi\/wp-content\/uploads\/2019\/08\/booking-e1565022494197.png\" alt=\"\" width=\"200\" height=\"34\" \/><\/a><br \/>\n<\/b><\/p>\n\n\t\t<style type=\"text\/css\">\n\t\t\t#gallery-1 {\n\t\t\t\tmargin: auto;\n\t\t\t}\n\t\t\t#gallery-1 .gallery-item {\n\t\t\t\tfloat: left;\n\t\t\t\tmargin-top: 10px;\n\t\t\t\ttext-align: center;\n\t\t\t\twidth: 33%;\n\t\t\t}\n\t\t\t#gallery-1 img {\n\t\t\t\tborder: 2px solid #cfcfcf;\n\t\t\t}\n\t\t\t#gallery-1 .gallery-caption {\n\t\t\t\tmargin-left: 0;\n\t\t\t}\n\t\t\t\/* see gallery_shortcode() in wp-includes\/media.php *\/\n\t\t<\/style>\n\t\t<div id='gallery-1' class='gallery galleryid-37 gallery-columns-3 gallery-size-large'><dl class='gallery-item'>\n\t\t\t<dt class='gallery-icon landscape'>\n\t\t\t\t<a href='https:\/\/www.perinnetilatervamaki.fi\/?attachment_id=132'><img width=\"730\" height=\"548\" src=\"https:\/\/www.perinnetilatervamaki.fi\/wp-content\/uploads\/2016\/02\/heinantekoa.jpg\" class=\"attachment-large size-large\" alt=\"\" loading=\"lazy\" srcset=\"https:\/\/www.perinnetilatervamaki.fi\/wp-content\/uploads\/2016\/02\/heinantekoa.jpg 900w, https:\/\/www.perinnetilatervamaki.fi\/wp-content\/uploads\/2016\/02\/heinantekoa-300x225.jpg 300w, https:\/\/www.perinnetilatervamaki.fi\/wp-content\/uploads\/2016\/02\/heinantekoa-768x576.jpg 768w\" sizes=\"(max-width: 730px) 100vw, 730px\" \/><\/a>\n\t\t\t<\/dt><\/dl><dl class='gallery-item'>\n\t\t\t<dt class='gallery-icon landscape'>\n\t\t\t\t<a href='https:\/\/www.perinnetilatervamaki.fi\/?attachment_id=133'><img width=\"730\" height=\"548\" src=\"https:\/\/www.perinnetilatervamaki.fi\/wp-content\/uploads\/2016\/02\/joulupukki.jpg\" class=\"attachment-large size-large\" alt=\"\" loading=\"lazy\" srcset=\"https:\/\/www.perinnetilatervamaki.fi\/wp-content\/uploads\/2016\/02\/joulupukki.jpg 900w, https:\/\/www.perinnetilatervamaki.fi\/wp-content\/uploads\/2016\/02\/joulupukki-300x225.jpg 300w, https:\/\/www.perinnetilatervamaki.fi\/wp-content\/uploads\/2016\/02\/joulupukki-768x576.jpg 768w\" sizes=\"(max-width: 730px) 100vw, 730px\" \/><\/a>\n\t\t\t<\/dt><\/dl><dl class='gallery-item'>\n\t\t\t<dt class='gallery-icon landscape'>\n\t\t\t\t<a href='https:\/\/www.perinnetilatervamaki.fi\/?attachment_id=134'><img width=\"730\" height=\"548\" src=\"https:\/\/www.perinnetilatervamaki.fi\/wp-content\/uploads\/2016\/02\/kota.jpg\" class=\"attachment-large size-large\" alt=\"\" loading=\"lazy\" srcset=\"https:\/\/www.perinnetilatervamaki.fi\/wp-content\/uploads\/2016\/02\/kota.jpg 900w, https:\/\/www.perinnetilatervamaki.fi\/wp-content\/uploads\/2016\/02\/kota-300x225.jpg 300w, https:\/\/www.perinnetilatervamaki.fi\/wp-content\/uploads\/2016\/02\/kota-768x576.jpg 768w\" sizes=\"(max-width: 730px) 100vw, 730px\" \/><\/a>\n\t\t\t<\/dt><\/dl><br style=\"clear: both\" \/><dl class='gallery-item'>\n\t\t\t<dt class='gallery-icon landscape'>\n\t\t\t\t<a href='https:\/\/www.perinnetilatervamaki.fi\/?attachment_id=135'><img width=\"730\" height=\"548\" src=\"https:\/\/www.perinnetilatervamaki.fi\/wp-content\/uploads\/2016\/02\/maenlaskua.jpg\" class=\"attachment-large size-large\" alt=\"\" loading=\"lazy\" srcset=\"https:\/\/www.perinnetilatervamaki.fi\/wp-content\/uploads\/2016\/02\/maenlaskua.jpg 900w, https:\/\/www.perinnetilatervamaki.fi\/wp-content\/uploads\/2016\/02\/maenlaskua-300x225.jpg 300w, https:\/\/www.perinnetilatervamaki.fi\/wp-content\/uploads\/2016\/02\/maenlaskua-768x576.jpg 768w\" sizes=\"(max-width: 730px) 100vw, 730px\" \/><\/a>\n\t\t\t<\/dt><\/dl><dl class='gallery-item'>\n\t\t\t<dt class='gallery-icon landscape'>\n\t\t\t\t<a href='https:\/\/www.perinnetilatervamaki.fi\/?attachment_id=136'><img width=\"730\" height=\"548\" src=\"https:\/\/www.perinnetilatervamaki.fi\/wp-content\/uploads\/2016\/02\/maenlaskua2.jpg\" class=\"attachment-large size-large\" alt=\"\" loading=\"lazy\" srcset=\"https:\/\/www.perinnetilatervamaki.fi\/wp-content\/uploads\/2016\/02\/maenlaskua2.jpg 900w, https:\/\/www.perinnetilatervamaki.fi\/wp-content\/uploads\/2016\/02\/maenlaskua2-300x225.jpg 300w, https:\/\/www.perinnetilatervamaki.fi\/wp-content\/uploads\/2016\/02\/maenlaskua2-768x576.jpg 768w\" sizes=\"(max-width: 730px) 100vw, 730px\" \/><\/a>\n\t\t\t<\/dt><\/dl>\n\t\t\t<br style='clear: both' \/>\n\t\t<\/div>\n<\/div><\/div><div class='clear_column'><\/div>\n","protected":false},"excerpt":{"rendered":"","protected":false},"author":3,"featured_media":0,"parent":0,"menu_order":0,"comment_status":"closed","ping_status":"closed","template":"page-fullwidth.php","meta":[],"_links":{"self":[{"href":"https:\/\/www.perinnetilatervamaki.fi\/index.php?rest_route=\/wp\/v2\/pages\/37"}],"collection":[{"href":"https:\/\/www.perinnetilatervamaki.fi\/index.php?rest_route=\/wp\/v2\/pages"}],"about":[{"href":"https:\/\/www.perinnetilatervamaki.fi\/index.php?rest_route=\/wp\/v2\/types\/page"}],"author":[{"embeddable":true,"href":"https:\/\/www.perinnetilatervamaki.fi\/index.php?rest_route=\/wp\/v2\/users\/3"}],"replies":[{"embeddable":true,"href":"https:\/\/www.perinnetilatervamaki.fi\/index.php?rest_route=%2Fwp%2Fv2%2Fcomments&post=37"}],"version-history":[{"count":8,"href":"https:\/\/www.perinnetilatervamaki.fi\/index.php?rest_route=\/wp\/v2\/pages\/37\/revisions"}],"predecessor-version":[{"id":265,"href":"https:\/\/www.perinnetilatervamaki.fi\/index.php?rest_route=\/wp\/v2\/pages\/37\/revisions\/265"}],"wp:attachment":[{"href":"https:\/\/www.perinnetilatervamaki.fi\/index.php?rest_route=%2Fwp%2Fv2%2Fmedia&parent=37"}],"curies":[{"name":"wp","href":"https:\/\/api.w.org\/{rel}","templated":true}]}}