{"id":8,"date":"2016-02-16T18:06:49","date_gmt":"2016-02-16T18:06:49","guid":{"rendered":"http:\/\/www.perinnetilatervamaki.fi\/?page_id=8"},"modified":"2021-07-24T13:30:11","modified_gmt":"2021-07-24T10:30:11","slug":"etusivu","status":"publish","type":"page","link":"https:\/\/www.perinnetilatervamaki.fi\/","title":{"rendered":"Etusivu"},"content":{"rendered":"<div class='content-column full_width'><div style=\"padding-top:40px;padding-right:0px;\"><h2>Tervetuloa perinnetila Tervam\u00e4elle!<\/h2>\n<p><em>Perinnetila Tervam\u00e4ki sijaitsee Sotkamon Sumsalla huikeiden n\u00e4kymien keskell\u00e4 sinisen vaara-autereen ymp\u00e4r\u00f6idess\u00e4 tilaa kaikilta ilmansuunnilta.<\/em><br \/>\n<em> Koe 1950 \u2013 luvun tilamilj\u00f6\u00f6 ja tee aikamatka sodan j\u00e4lkeiseen Suomeen tutustumalla perinnetilaan, kotiel\u00e4imiin sek\u00e4 perinteisiin maatilan t\u00f6ihin ja ty\u00f6v\u00e4lineisiin.<\/em><\/p>\n<p>Perinnepiha Rauniston 1954 rakennettu ja entis\u00f6ity rintamamiestalo ja Saunatupa Lintukoto ovat vieraidemme majoitusk\u00e4yt\u00f6ss\u00e4. Halutessasi voit majoittua t\u00e4h\u00e4n perinteit\u00e4 henkiv\u00e4\u00e4n rintamamiestaloon, saunoa idyllisess\u00e4 pihasaunassa tai lammenrannalla tunnelmallisessa k\u00e4sinveistetyist\u00e4 hirsist\u00e4 tehdyss\u00e4 saunatuvassa.<\/p>\n<div id=\"metaslider-id-275\" style=\"width: 100%;\" class=\"ml-slider-3-21-0 metaslider metaslider-flex metaslider-275 ml-slider\">\n    <div id=\"metaslider_container_275\">\n        <div id=\"metaslider_275\">\n            <ul aria-live=\"polite\" class=\"slides\">\n                <li style=\"display: none; width: 100%;\" class=\"slide-276 ms-image\"><img src=\"https:\/\/www.perinnetilatervamaki.fi\/wp-content\/uploads\/2021\/07\/raunisto-600x250.jpg\" height=\"250\" width=\"600\" alt=\"raunisto\" class=\"slider-275 slide-276\" title=\"raunisto, perinnetilatervam\u00e4ki\" \/><div class=\"caption-wrap\"><div class=\"caption\">Majoitu viihtyis\u00e4sti Raunistossa<\/div><\/div><\/li>\n                <li style=\"display: none; width: 100%;\" class=\"slide-277 ms-image\"><img src=\"https:\/\/www.perinnetilatervamaki.fi\/wp-content\/uploads\/2021\/07\/IMG-20210724-WA0002-600x250.jpg\" height=\"250\" width=\"600\" alt=\"Saunatupa Lintukoto\" class=\"slider-275 slide-277\" title=\"Lintukoto\" \/><div class=\"caption-wrap\"><div class=\"caption\">Perinteikk\u00e4\u00e4t l\u00f6ylyt Saunatupa Lintukodossa<\/div><\/div><\/li>\n                <li style=\"display: none; width: 100%;\" class=\"slide-278 ms-image\"><img src=\"https:\/\/www.perinnetilatervamaki.fi\/wp-content\/uploads\/2016\/03\/6-1-600x250.jpg\" height=\"250\" width=\"600\" alt=\"\" class=\"slider-275 slide-278\" title=\"6\" \/><div class=\"caption-wrap\"><div class=\"caption\">Tutustu tilan el\u00e4imiin<\/div><\/div><\/li>\n                <li style=\"display: none; width: 100%;\" class=\"slide-279 ms-image\"><img src=\"https:\/\/www.perinnetilatervamaki.fi\/wp-content\/uploads\/2016\/02\/2-600x250.jpg\" height=\"250\" width=\"600\" alt=\"\" class=\"slider-275 slide-279\" title=\"Punainen traktori\" \/><div class=\"caption-wrap\"><div class=\"caption\">Hein\u00e4seip\u00e4it\u00e4 ja 50-luvun kotimaista maatalousteknologiaa<\/div><\/div><\/li>\n            <\/ul>\n        <\/div>\n        \n    <\/div>\n<\/div><\/div><\/div>\n<p><a href=\"https:\/\/www.booking.com\/hotel\/fi\/farmhousetervamaki.en-gb.html?label=gen173nr-1DCAEoggI46AdIM1gEaEiIAQGYAQy4ARfIAQ_YAQPoAQGIAgGoAgO4ArCioeoFwAIB&amp;sid=a3bf7bb3cf7adae332102683f3130df1&amp;dest_id=-1388810&amp;dest_type=city&amp;group_adults=2&amp;hapos=1&amp;hpos=1&amp;lang=en-gb&amp;room1=A%2CA&amp;sb_price_type=total&amp;soz=1&amp;sr_order=popularity&amp;srepoch=1565020482&amp;srpvid=2c456fe198e3008a&amp;type=total&amp;ucfs=1&amp;lang_click=top;cdl=fi;lang_changed=1\"><img loading=\"lazy\" class=\"alignnone size-full wp-image-222\" src=\"http:\/\/www.perinnetilatervamaki.fi\/wp-content\/uploads\/2019\/08\/booking-e1565022494197.png\" alt=\"\" width=\"200\" height=\"34\"> <b><div class=\"sfsi_widget sfsi_shortcode_container\"><div id=\"sfsi_wDiv\"><\/div><div class=\"norm_row sfsi_wDiv \"  style=\"width:225px;text-align:left;\"><div style='width:40px; height:40px;margin-left:5px;margin-bottom:5px; ' class='sfsi_wicons shuffeldiv ' ><div class='inerCnt'><a class=' sficn' data-effect='' target='_blank'  href='https:\/\/www.facebook.com\/Perinnetila-Tervam\u00e4ki-172741162799747' id='sfsiid_facebook' style='opacity:1'  ><img data-pin-nopin='true' alt='Facebook' title='Facebook' src='https:\/\/www.perinnetilatervamaki.fi\/wp-content\/plugins\/ultimate-social-media-icons\/images\/icons_theme\/default\/default_facebook.png' width='40' height='40' style='' class='sfcm sfsi_wicon ' data-effect=''   \/><\/a><\/div><\/div><\/div ><div id=\"sfsi_holder\" class=\"sfsi_holders\" style=\"position: relative; float: left;width:100%;z-index:-1;\"><\/div ><script>window.addEventListener(\"sfsi_functions_loaded\", function() \r\n\t\t\t{\r\n\t\t\t\tif (typeof sfsi_widget_set == \"function\") {\r\n\t\t\t\t\tsfsi_widget_set();\r\n\t\t\t\t}\r\n\t\t\t}); <\/script><div style=\"clear: both;\"><\/div><\/div><\/b><\/a><\/p>\n","protected":false},"excerpt":{"rendered":"","protected":false},"author":3,"featured_media":0,"parent":0,"menu_order":0,"comment_status":"closed","ping_status":"closed","template":"","meta":[],"_links":{"self":[{"href":"https:\/\/www.perinnetilatervamaki.fi\/index.php?rest_route=\/wp\/v2\/pages\/8"}],"collection":[{"href":"https:\/\/www.perinnetilatervamaki.fi\/index.php?rest_route=\/wp\/v2\/pages"}],"about":[{"href":"https:\/\/www.perinnetilatervamaki.fi\/index.php?rest_route=\/wp\/v2\/types\/page"}],"author":[{"embeddable":true,"href":"https:\/\/www.perinnetilatervamaki.fi\/index.php?rest_route=\/wp\/v2\/users\/3"}],"replies":[{"embeddable":true,"href":"https:\/\/www.perinnetilatervamaki.fi\/index.php?rest_route=%2Fwp%2Fv2%2Fcomments&post=8"}],"version-history":[{"count":17,"href":"https:\/\/www.perinnetilatervamaki.fi\/index.php?rest_route=\/wp\/v2\/pages\/8\/revisions"}],"predecessor-version":[{"id":280,"href":"https:\/\/www.perinnetilatervamaki.fi\/index.php?rest_route=\/wp\/v2\/pages\/8\/revisions\/280"}],"wp:attachment":[{"href":"https:\/\/www.perinnetilatervamaki.fi\/index.php?rest_route=%2Fwp%2Fv2%2Fmedia&parent=8"}],"curies":[{"name":"wp","href":"https:\/\/api.w.org\/{rel}","templated":true}]}}